{"id":641,"date":"2018-02-22T16:10:59","date_gmt":"2018-02-22T16:10:59","guid":{"rendered":"https:\/\/land-ueber.de\/?page_id=641"},"modified":"2018-02-22T16:19:53","modified_gmt":"2018-02-22T16:19:53","slug":"cd-land-ueber-freunde-live-2016","status":"publish","type":"page","link":"https:\/\/land-ueber.de\/?page_id=641","title":{"rendered":"CD &#8222;Land \u00dcber &#038; Freunde LIVE&#8220; (2016)"},"content":{"rendered":"<p><strong><img loading=\"lazy\" decoding=\"async\" class=\"alignnone size-medium wp-image-635 aligncenter\" src=\"https:\/\/land-ueber.de\/wp-content\/uploads\/2018\/02\/Land-\u00dcber-Friends-Cover-300x298.jpg\" alt=\"\" width=\"300\" height=\"298\" srcset=\"https:\/\/land-ueber.de\/wp-content\/uploads\/2018\/02\/Land-\u00dcber-Friends-Cover-300x298.jpg 300w, https:\/\/land-ueber.de\/wp-content\/uploads\/2018\/02\/Land-\u00dcber-Friends-Cover-150x150.jpg 150w, https:\/\/land-ueber.de\/wp-content\/uploads\/2018\/02\/Land-\u00dcber-Friends-Cover-768x763.jpg 768w, https:\/\/land-ueber.de\/wp-content\/uploads\/2018\/02\/Land-\u00dcber-Friends-Cover-1024x1017.jpg 1024w, https:\/\/land-ueber.de\/wp-content\/uploads\/2018\/02\/Land-\u00dcber-Friends-Cover-302x300.jpg 302w, https:\/\/land-ueber.de\/wp-content\/uploads\/2018\/02\/Land-\u00dcber-Friends-Cover.jpg 1046w\" sizes=\"auto, (max-width: 300px) 100vw, 300px\" \/><\/strong><\/p>\n<p>&nbsp;<\/p>\n<p>Am 1. Oktober 2016 haben sich Land \u00dcber selbst ein Geschenk zum 10j\u00e4hrigen Jubil\u00e4um gemacht:<\/p>\n<p>Ein Konzert mit 10 Gastmusikern, u.a. Dresdner Musikgr\u00f6\u00dfen wie Micha Winkler, Matthias Macht oder Frieder Schmidt.<\/p>\n<p>Das ausverkaufte Konzert in der St. Pauli-Ruine im Hechtviertel in Dresden ist nun auf eine CD gebannt.<\/p>\n<p>Es startet bekannt minimalistisch und endet mit ungeahnter Gr\u00f6\u00dfe!<\/p>\n<p>Die Lieder aus 10 Jahren Land \u00dcber, gespielt von Land \u00dcber &amp; Freunden\u2026<\/p>\n<p>&nbsp;<\/p>\n<p>Ein Videoeindruck:<\/p>\n<p><a href=\"https:\/\/www.youtube.com\/watch?v=ch01-TZXClI\" target=\"_blank\" rel=\"noopener\">https:\/\/www.youtube.com\/watch?v=ch01-TZXClI<\/a><\/p>\n<p>Die CD ist nicht im \u00f6ffentlichen Handel erh\u00e4ltlich, sondern nur bei unseren Konzerten und auf Anfrage unter unserer Kontaktadresse.<\/p>\n","protected":false},"excerpt":{"rendered":"<p>&nbsp; Am 1. Oktober 2016 haben sich Land \u00dcber selbst ein Geschenk zum 10j\u00e4hrigen Jubil\u00e4um gemacht: Ein Konzert mit 10 Gastmusikern, u.a. Dresdner Musikgr\u00f6\u00dfen wie Micha Winkler, Matthias Macht oder Frieder Schmidt. Das ausverkaufte Konzert in der St. Pauli-Ruine im &hellip; <a href=\"https:\/\/land-ueber.de\/?page_id=641\">Weiterlesen <span class=\"meta-nav\">&rarr;<\/span><\/a><\/p>\n","protected":false},"author":1,"featured_media":0,"parent":37,"menu_order":4,"comment_status":"closed","ping_status":"closed","template":"","meta":{"footnotes":""},"class_list":["post-641","page","type-page","status-publish","hentry"],"_links":{"self":[{"href":"https:\/\/land-ueber.de\/index.php?rest_route=\/wp\/v2\/pages\/641","targetHints":{"allow":["GET"]}}],"collection":[{"href":"https:\/\/land-ueber.de\/index.php?rest_route=\/wp\/v2\/pages"}],"about":[{"href":"https:\/\/land-ueber.de\/index.php?rest_route=\/wp\/v2\/types\/page"}],"author":[{"embeddable":true,"href":"https:\/\/land-ueber.de\/index.php?rest_route=\/wp\/v2\/users\/1"}],"replies":[{"embeddable":true,"href":"https:\/\/land-ueber.de\/index.php?rest_route=%2Fwp%2Fv2%2Fcomments&post=641"}],"version-history":[{"count":4,"href":"https:\/\/land-ueber.de\/index.php?rest_route=\/wp\/v2\/pages\/641\/revisions"}],"predecessor-version":[{"id":645,"href":"https:\/\/land-ueber.de\/index.php?rest_route=\/wp\/v2\/pages\/641\/revisions\/645"}],"up":[{"embeddable":true,"href":"https:\/\/land-ueber.de\/index.php?rest_route=\/wp\/v2\/pages\/37"}],"wp:attachment":[{"href":"https:\/\/land-ueber.de\/index.php?rest_route=%2Fwp%2Fv2%2Fmedia&parent=641"}],"curies":[{"name":"wp","href":"https:\/\/api.w.org\/{rel}","templated":true}]}}