{"id":483,"date":"2018-08-19T10:09:15","date_gmt":"2018-08-19T10:09:15","guid":{"rendered":"https:\/\/land-ueber.de\/?page_id=483"},"modified":"2022-03-17T16:01:32","modified_gmt":"2022-03-17T16:01:32","slug":"katharina-johansson-und-land-ueber","status":"publish","type":"page","link":"https:\/\/land-ueber.de\/?page_id=483","title":{"rendered":"Katharina Johansson und Land \u00dcber"},"content":{"rendered":"\n<figure class=\"wp-block-embed is-type-video is-provider-youtube wp-block-embed-youtube wp-embed-aspect-16-9 wp-has-aspect-ratio\"><div class=\"wp-block-embed__wrapper\">\n<iframe loading=\"lazy\" title=\"Land \u00dcber &amp; Katharina Johansson LIVE Lass mich los\" width=\"584\" height=\"329\" src=\"https:\/\/www.youtube.com\/embed\/rPGohAtr4cs?feature=oembed\" frameborder=\"0\" allow=\"accelerometer; autoplay; clipboard-write; encrypted-media; gyroscope; picture-in-picture; web-share\" referrerpolicy=\"strict-origin-when-cross-origin\" allowfullscreen><\/iframe>\n<\/div><\/figure>\n\n\n\n<p>24.01.2020 Dresden &#8211; Dreik\u00f6nigskirche<br>26.01.2020 Jena &#8211; L\u00f6bstedter Kulturkirche<br>28.01.2020 Br\u00f6ckel (bei Celle) &#8211; Antikhof Drei Eichen<br>30.01.2020 Werther (Westfalen) &#8211; Walbaumhaus<br>31.01.2020 Kiel &#8211; Statt-Caf\u00e9<br>01.02.2020 Warnem\u00fcnde &#8211; Ringelnatz<br>02.02.2020 Tharandt (bei Dresden) &#8211; Saxstall<\/p>\n\n\n<header class=\"entry-header\"><img loading=\"lazy\" decoding=\"async\" class=\"size-medium wp-image-500 aligncenter\" src=\"https:\/\/land-ueber.de\/wp-content\/uploads\/2016\/10\/14483713_10207334561985593_106443701_n-300x225.jpg\" alt=\"\" width=\"300\" height=\"225\" srcset=\"https:\/\/land-ueber.de\/wp-content\/uploads\/2016\/10\/14483713_10207334561985593_106443701_n-300x225.jpg 300w, https:\/\/land-ueber.de\/wp-content\/uploads\/2016\/10\/14483713_10207334561985593_106443701_n-768x576.jpg 768w, https:\/\/land-ueber.de\/wp-content\/uploads\/2016\/10\/14483713_10207334561985593_106443701_n-400x300.jpg 400w, https:\/\/land-ueber.de\/wp-content\/uploads\/2016\/10\/14483713_10207334561985593_106443701_n.jpg 960w\" sizes=\"auto, (max-width: 300px) 100vw, 300px\" \/><p><\/p>\n<p style=\"text-align: center;\">Wir arbeiten an unserer n\u00e4chsten Tour: 23.01.2020 &#8211; 02.02.2020<\/p>\n<h1>Neue Videoeindr\u00fccke:<\/h1>\n<p><iframe loading=\"lazy\" title=\"LAND \u00dcBER &amp; KATHARINA JOHANSSON Petit Fleur LIVE 2017\" width=\"584\" height=\"329\" src=\"https:\/\/www.youtube.com\/embed\/L5l6tcADRFA?feature=oembed\" frameborder=\"0\" allow=\"accelerometer; autoplay; clipboard-write; encrypted-media; gyroscope; picture-in-picture; web-share\" referrerpolicy=\"strict-origin-when-cross-origin\" allowfullscreen><\/iframe><\/p>\n<p><iframe loading=\"lazy\" title=\"LAND \u00dcBER &amp; KATHARINA JOHANSSON Sacrifice LIVE 2017\" width=\"584\" height=\"329\" src=\"https:\/\/www.youtube.com\/embed\/Ll4ikTXUjdw?feature=oembed\" frameborder=\"0\" allow=\"accelerometer; autoplay; clipboard-write; encrypted-media; gyroscope; picture-in-picture; web-share\" referrerpolicy=\"strict-origin-when-cross-origin\" allowfullscreen><\/iframe><\/p>\n<p><iframe loading=\"lazy\" title=\"Land \u00dcber &amp; Katharina Johansson LIVE 2017\" width=\"584\" height=\"329\" src=\"https:\/\/www.youtube.com\/embed\/d3oFr3WOT1I?feature=oembed\" frameborder=\"0\" allow=\"accelerometer; autoplay; clipboard-write; encrypted-media; gyroscope; picture-in-picture; web-share\" referrerpolicy=\"strict-origin-when-cross-origin\" allowfullscreen><\/iframe><\/p>\n<h1 class=\"entry-title\" style=\"text-align: center;\">&#8212;&#8212;&#8212;&#8212;&#8212;&#8212;-<\/h1>\n<\/header>\n<div class=\"entry-content\">\n<p>Sonntag, 17.9. Abschlu\u00dfkonzert Dreik\u00f6nigskirche Dresden<\/p>\n<p>es war auch wundersch\u00f6n &#x1f642;<\/p>\n<p><img loading=\"lazy\" decoding=\"async\" class=\"figlio\" src=\"http:\/\/www.reflectionsofdarkness.com\/images\/stories\/concert\/2017\/september\/landuber20170917\/DSC_1068.jpg\" width=\"379\" height=\"255\"><\/p>\n<p>Bild: Anastasia Philippova<\/p>\n<p>Samstag, 16.9.: Kromsdorf Schlo\u00dfkapelle<\/p>\n<p><img loading=\"lazy\" decoding=\"async\" class=\"alignnone wp-image-603 size-medium\" src=\"https:\/\/land-ueber.de\/wp-content\/uploads\/2017\/09\/WP_20170916_18_37_31_Pro-e1506335413945-169x300.jpg\" sizes=\"auto, (max-width: 169px) 100vw, 169px\" srcset=\"https:\/\/land-ueber.de\/wp-content\/uploads\/2017\/09\/WP_20170916_18_37_31_Pro-e1506335413945-169x300.jpg 169w, https:\/\/land-ueber.de\/wp-content\/uploads\/2017\/09\/WP_20170916_18_37_31_Pro-e1506335413945-768x1362.jpg 768w, https:\/\/land-ueber.de\/wp-content\/uploads\/2017\/09\/WP_20170916_18_37_31_Pro-e1506335413945-577x1024.jpg 577w\" alt=\"\" width=\"169\" height=\"300\"><\/p>\n<p>Freitag, 15.9.: Wachendorf Dorfgemeindschaftshaus<\/p>\n<p>Leider noch nicht im Rosarium, aber wir holen das nach!!!<\/p>\n<p><img loading=\"lazy\" decoding=\"async\" class=\"alignnone size-medium wp-image-602\" src=\"https:\/\/land-ueber.de\/wp-content\/uploads\/2017\/09\/L%C3%9CK-Wachendorf-169x300.jpg\" sizes=\"auto, (max-width: 169px) 100vw, 169px\" srcset=\"https:\/\/land-ueber.de\/wp-content\/uploads\/2017\/09\/L\u00dcK-Wachendorf-169x300.jpg 169w, https:\/\/land-ueber.de\/wp-content\/uploads\/2017\/09\/L\u00dcK-Wachendorf.jpg 526w\" alt=\"\" width=\"169\" height=\"300\"><\/p>\n<p>Donnerstag, 14.9.: Hannover Kanapee<\/p>\n<p>Hier wollten wir immer her, jetzt sind wir da\u2026 &#x1f609;<\/p>\n<p><img loading=\"lazy\" decoding=\"async\" class=\"alignnone size-medium wp-image-600\" src=\"https:\/\/land-ueber.de\/wp-content\/uploads\/2017\/09\/L%C3%9CK-Hannover-300x300.jpg\" sizes=\"auto, (max-width: 300px) 100vw, 300px\" srcset=\"https:\/\/land-ueber.de\/wp-content\/uploads\/2017\/09\/L\u00dcK-Hannover-300x300.jpg 300w, https:\/\/land-ueber.de\/wp-content\/uploads\/2017\/09\/L\u00dcK-Hannover-150x150.jpg 150w, https:\/\/land-ueber.de\/wp-content\/uploads\/2017\/09\/L\u00dcK-Hannover.jpg 526w\" alt=\"\" width=\"300\" height=\"300\"><\/p>\n<p>Mittwoch, 13.9.: Br\u00f6ckel Antikhof 3 Eichen<\/p>\n<p><img loading=\"lazy\" decoding=\"async\" class=\"alignnone wp-image-598 size-medium\" src=\"https:\/\/land-ueber.de\/wp-content\/uploads\/2017\/09\/WP_20170913_16_29_12_Pro-e1506333169941-169x300.jpg\" sizes=\"auto, (max-width: 169px) 100vw, 169px\" srcset=\"https:\/\/land-ueber.de\/wp-content\/uploads\/2017\/09\/WP_20170913_16_29_12_Pro-e1506333169941-169x300.jpg 169w, https:\/\/land-ueber.de\/wp-content\/uploads\/2017\/09\/WP_20170913_16_29_12_Pro-e1506333169941-576x1024.jpg 576w, https:\/\/land-ueber.de\/wp-content\/uploads\/2017\/09\/WP_20170913_16_29_12_Pro-e1506333169941.jpg 720w\" alt=\"\" width=\"169\" height=\"300\"><\/p>\n<p>Wir haben ein Gem\u00e4lde geschenkt bekommen! &#x1f609;<\/p>\n<p><img decoding=\"async\" class=\"spotlight\" src=\"https:\/\/scontent-frx5-1.xx.fbcdn.net\/v\/t1.0-9\/21730893_211969576006920_6789207017737999748_n.jpg?oh=bf050f4160c1a7a244afba6ced22d015&amp;oe=5A590E51\" alt=\"Bild k\u00f6nnte enthalten: 4 Personen, Menschenmasse und Innenbereich\" aria-busy=\"false\"><\/p>\n<p>Ein wunderbares Bild von Jens-Christian Schulze und ein wunderbarer Abend!<\/p>\n<p>Dienstag, 12.9.: Wiedensahl Nikolaikirche<\/p>\n<p><img loading=\"lazy\" decoding=\"async\" class=\"alignnone wp-image-595 size-medium\" src=\"https:\/\/land-ueber.de\/wp-content\/uploads\/2017\/09\/WP_20170912_18_30_03_Pro-e1505389467312-169x300.jpg\" sizes=\"auto, (max-width: 169px) 100vw, 169px\" srcset=\"https:\/\/land-ueber.de\/wp-content\/uploads\/2017\/09\/WP_20170912_18_30_03_Pro-e1505389467312-169x300.jpg 169w, https:\/\/land-ueber.de\/wp-content\/uploads\/2017\/09\/WP_20170912_18_30_03_Pro-e1505389467312-768x1362.jpg 768w, https:\/\/land-ueber.de\/wp-content\/uploads\/2017\/09\/WP_20170912_18_30_03_Pro-e1505389467312-577x1024.jpg 577w\" alt=\"\" width=\"169\" height=\"300\"><\/p>\n<p>Montag, 11.9.: Geburtstagsfeier im Walbaumhaus Werther (Westfalen).<\/p>\n<p><img decoding=\"async\" class=\"spotlight\" src=\"https:\/\/scontent-frx5-1.xx.fbcdn.net\/v\/t31.0-8\/21640999_10210038753866332_4434368002674248243_o.jpg?oh=9790d5dc05467e39f8e99835e61b8d77&amp;oe=5A4F3D74\" alt=\"\"><\/p>\n<p>Sonntag, 10.9.: Angekommen in Leverkusen<\/p>\n<p><img decoding=\"async\" class=\"spotlight\" src=\"https:\/\/scontent-frx5-1.xx.fbcdn.net\/v\/t31.0-0\/p180x540\/21587153_10210032377146918_2687601004210389697_o.jpg?oh=72fcb3b1753597550e03e8b2a21f89cb&amp;oe=5A5D88F4\" alt=\"\"><\/p>\n<p>Ein sch\u00f6nes Konzert und ein toller Abend mit dem Crowdfunding Team rund um den Notenschl\u00fcssel Leverkusen und Alfred Prenzlow, der die T-Shirts gemacht hat.<\/p>\n<p><img decoding=\"async\" class=\"spotlight\" src=\"https:\/\/scontent-frx5-1.xx.fbcdn.net\/v\/t1.0-9\/21433090_10210152210185037_6787241795276657930_n.jpg?oh=1f3bb314fb225396e165e827e5922968&amp;oe=5A55B8CD\" alt=\"\"><\/p>\n<p>Samstag, 9.9.: Wir spielen unser erstes Konzert im Geisslerhaus Altenberg.<\/p>\n<div class=\"wp-video\">\n<p><span class=\"mejs-offscreen\">Video-Player<\/span><\/p>\n<div id=\"mep_0\" class=\"mejs-container svg wp-video-shortcode mejs-video\" tabindex=\"0\" role=\"application\" aria-label=\"Video-Player\">\n<div class=\"mejs-inner\">\n<div class=\"mejs-mediaelement\"><video id=\"video-593-1\" class=\"wp-video-shortcode\" src=\"https:\/\/land-ueber.de\/wp-content\/uploads\/2017\/09\/21571760_1786468911643452_7318410718020108288_n.mp4?_=1\" preload=\"metadata\" data-mce-fragment=\"1\" width=\"400\" height=\"400\"><\/video><\/div>\n<div class=\"mejs-layers\"><\/div>\n<div class=\"mejs-controls\"><\/div>\n<\/div>\n<\/div>\n<\/div>\n<\/div>\n<div class=\"mejs-time mejs-currenttime-container\" role=\"timer\" aria-live=\"off\"><span class=\"mejs-currenttime\">00:00<\/span><\/div>\n<div class=\"mejs-time-rail\"><\/div>\n<div class=\"mejs-time mejs-duration-container\"><span class=\"mejs-duration\">00:15<\/span><\/div>\n<div class=\"mejs-button mejs-volume-button mejs-mute\"><\/div>\n<div class=\"mejs-button mejs-volume-button mejs-mute\"><\/div>\n<div class=\"mejs-button mejs-fullscreen-button\"><\/div>\n<div class=\"wp-video\"><\/div>\n<p><img decoding=\"async\" class=\"spotlight\" src=\"https:\/\/scontent-frx5-1.xx.fbcdn.net\/v\/t1.0-9\/21371002_10210140593254621_5177641061741471997_n.jpg?oh=cb247a623ef3ce69aba954bc05a7339a&amp;oe=5A5CA26C\" alt=\"Bild k\u00f6nnte enthalten: 1 Person, l\u00e4chelnd, sitzt und Nahaufnahme\" aria-busy=\"false\"><\/p>\n<p>Samstag, 9.9.: \u201aWarm Up\u2018 ist die wunderbare Knopfbilderausstellungser\u00f6ffnung in der Kunsthalle Pulsnitz.<\/p>\n<p><img decoding=\"async\" class=\"spotlight\" src=\"https:\/\/scontent-frx5-1.xx.fbcdn.net\/v\/t31.0-8\/21551897_10210024733675836_6727569993324780055_o.jpg?oh=dc993db31fd06fb7e4844279173bdbbc&amp;oe=5A130003\" alt=\"Bild k\u00f6nnte enthalten: 1 Person, steht und Innenbereich\" aria-busy=\"false\"><\/p>\n<p>Samstag, 9.9.: Wir verabschieden uns\u2026<\/p>\n<p><img decoding=\"async\" class=\"spotlight\" src=\"https:\/\/scontent-frx5-1.xx.fbcdn.net\/v\/t31.0-8\/21457654_10210024498909967_449131840888872107_o.jpg?oh=1a749c318df1ad525f6b4cf35b4461cf&amp;oe=5A1A8A3A\" alt=\"Bild k\u00f6nnte enthalten: 3 Personen, Personen, die lachen, Bart, im Freien, Wasser und Natur\" aria-busy=\"false\"><\/p>\n<p style=\"text-align: center;\">Wir gehen wieder mit Katharina Johansson auf Tour:<\/p>\n<p style=\"text-align: center;\">09.09.2017 B\u00e4renstein (Altenburg) &#8211; Geisslerhaus<\/p>\n<p style=\"text-align: center;\">10.09.2017 Leverkusen \u2013 Junges Theater<\/p>\n<p style=\"text-align: center;\">11.09.2017 Werther (bei Bielefeld) &#8211; Walbaumhaus<\/p>\n<p style=\"text-align: center;\">12.09.2017 tbc<\/p>\n<p style=\"text-align: center;\">13.09.2017 Br\u00f6ckel (bei Celle) \u2013 Antikhof Drei Eichen<\/p>\n<p style=\"text-align: center;\">14.09.2017 Hannover \u2013 Kanapee<\/p>\n<p style=\"text-align: center;\">15.09.2017 Wachendorf (bei Bremen) \u2013 Rosarium<\/p>\n<p style=\"text-align: center;\">16.09.2017 Weimar<\/p>\n<p style=\"text-align: center;\">17.09.2017 Dresden \u2013 Dreik\u00f6nigskirche<\/p>\n<p><iframe loading=\"lazy\" title=\"LAND \u00dcBER und KATHARINA JOHANSSON Live\" width=\"584\" height=\"329\" src=\"https:\/\/www.youtube.com\/embed\/KD8ZVSq1wpY?feature=oembed\" frameborder=\"0\" allow=\"accelerometer; autoplay; clipboard-write; encrypted-media; gyroscope; picture-in-picture; web-share\" referrerpolicy=\"strict-origin-when-cross-origin\" allowfullscreen><\/iframe><\/p>\n<p style=\"text-align: center;\"><img loading=\"lazy\" decoding=\"async\" class=\"alignnone size-medium wp-image-500\" src=\"https:\/\/land-ueber.de\/wp-content\/uploads\/2016\/10\/14483713_10207334561985593_106443701_n-300x225.jpg\" alt=\"14483713_10207334561985593_106443701_n\" width=\"300\" height=\"225\" srcset=\"https:\/\/land-ueber.de\/wp-content\/uploads\/2016\/10\/14483713_10207334561985593_106443701_n-300x225.jpg 300w, https:\/\/land-ueber.de\/wp-content\/uploads\/2016\/10\/14483713_10207334561985593_106443701_n-768x576.jpg 768w, https:\/\/land-ueber.de\/wp-content\/uploads\/2016\/10\/14483713_10207334561985593_106443701_n-400x300.jpg 400w, https:\/\/land-ueber.de\/wp-content\/uploads\/2016\/10\/14483713_10207334561985593_106443701_n.jpg 960w\" sizes=\"auto, (max-width: 300px) 100vw, 300px\" \/><\/p>\n<p style=\"text-align: center;\">Auf zu neuen Aufgaben:<\/p>\n<p style=\"text-align: center;\">Land \u00dcber &amp; Katharina Johansson machen eine kleine Tour durch Nordschweden!<\/p>\n<p style=\"text-align: center;\">12.12.2017 @ Korpilombolo &#8211; European Festival of the Night<\/p>\n<p style=\"text-align: center;\">13.12.2017 @ Blasmark &#8211; Johanssons Kulturgarage<\/p>\n<p style=\"text-align: center;\">14.12.2017 @ Blasmark &#8211; Johanssons Kulturgarage<\/p>\n<p style=\"text-align: center;\">Das wird kalt und dunkel!<\/p>\n<p style=\"text-align: center;\">\ud83d\ude09<\/p>\n<p style=\"text-align: center;\">________________________________<\/p>\n<p style=\"text-align: center;\">Es hat sich ja schon angek\u00fcndigt,<\/p>\n<p style=\"text-align: center;\">auf unserer letzten CD \u201aLicht\u2018 hat sie mit gesungen<\/p>\n<p style=\"text-align: center;\">und beim 10j\u00e4hrigen ist sie auch dabei\u2026<\/p>\n<p style=\"text-align: center;\">Wir werden in Zukunft auch zu dritt auftreten:<\/p>\n<p style=\"text-align: center;\"><iframe loading=\"lazy\" src=\"https:\/\/www.youtube.com\/embed\/WyyVHeN4ke4?feature=oembed\" allowfullscreen=\"allowfullscreen\" width=\"584\" height=\"329\" frameborder=\"0\"><\/iframe><\/p>\n<p style=\"text-align: center;\">Herzlich Willkommen auf dem Land \u00dcber-Dampfer!<\/p>\n<p style=\"text-align: center;\">KATHARINA JOHANSSON<\/p>\n<p style=\"text-align: center;\">&#x1f609;<\/p>\n<p style=\"text-align: center;\">Live zu erleben:<\/p>\n<p style=\"text-align: center;\">25.9.16 B\u00fcckeburg<\/p>\n<p style=\"text-align: center;\">29.9.16 Wustrow<\/p>\n<p style=\"text-align: center;\">01.10.16 Dresden<\/p>\n<p style=\"text-align: center;\">weitere Termine folgen!<\/p>\n<p style=\"text-align: center;\">_______________________<\/p>","protected":false},"excerpt":{"rendered":"<p>24.01.2020 Dresden &#8211; Dreik\u00f6nigskirche26.01.2020 Jena &#8211; L\u00f6bstedter Kulturkirche28.01.2020 Br\u00f6ckel (bei Celle) &#8211; Antikhof Drei Eichen30.01.2020 Werther (Westfalen) &#8211; Walbaumhaus31.01.2020 Kiel &#8211; Statt-Caf\u00e901.02.2020 Warnem\u00fcnde &#8211; Ringelnatz02.02.2020 Tharandt (bei Dresden) &#8211; Saxstall Wir arbeiten an unserer n\u00e4chsten Tour: 23.01.2020 &#8211; 02.02.2020 Neue &hellip; <a href=\"https:\/\/land-ueber.de\/?page_id=483\">Weiterlesen <span class=\"meta-nav\">&rarr;<\/span><\/a><\/p>\n","protected":false},"author":1,"featured_media":0,"parent":14,"menu_order":1,"comment_status":"closed","ping_status":"closed","template":"","meta":{"footnotes":""},"class_list":["post-483","page","type-page","status-publish","hentry"],"_links":{"self":[{"href":"https:\/\/land-ueber.de\/index.php?rest_route=\/wp\/v2\/pages\/483","targetHints":{"allow":["GET"]}}],"collection":[{"href":"https:\/\/land-ueber.de\/index.php?rest_route=\/wp\/v2\/pages"}],"about":[{"href":"https:\/\/land-ueber.de\/index.php?rest_route=\/wp\/v2\/types\/page"}],"author":[{"embeddable":true,"href":"https:\/\/land-ueber.de\/index.php?rest_route=\/wp\/v2\/users\/1"}],"replies":[{"embeddable":true,"href":"https:\/\/land-ueber.de\/index.php?rest_route=%2Fwp%2Fv2%2Fcomments&post=483"}],"version-history":[{"count":10,"href":"https:\/\/land-ueber.de\/index.php?rest_route=\/wp\/v2\/pages\/483\/revisions"}],"predecessor-version":[{"id":842,"href":"https:\/\/land-ueber.de\/index.php?rest_route=\/wp\/v2\/pages\/483\/revisions\/842"}],"up":[{"embeddable":true,"href":"https:\/\/land-ueber.de\/index.php?rest_route=\/wp\/v2\/pages\/14"}],"wp:attachment":[{"href":"https:\/\/land-ueber.de\/index.php?rest_route=%2Fwp%2Fv2%2Fmedia&parent=483"}],"curies":[{"name":"wp","href":"https:\/\/api.w.org\/{rel}","templated":true}]}}