{"id":37,"date":"2015-02-26T16:09:47","date_gmt":"2015-02-26T15:09:47","guid":{"rendered":"http:\/\/landuebermusic.wordpress.com\/?page_id=37"},"modified":"2024-02-17T15:24:06","modified_gmt":"2024-02-17T15:24:06","slug":"die-lieder","status":"publish","type":"page","link":"https:\/\/land-ueber.de\/?page_id=37","title":{"rendered":"H\u00f6ren und Sehen"},"content":{"rendered":"\n<p>LAND \u00dcBER &#8211; jetzt auch auf Spotify!<\/p>\n\n\n\n<figure class=\"wp-block-embed is-type-rich is-provider-spotify wp-block-embed-spotify wp-embed-aspect-21-9 wp-has-aspect-ratio\"><div class=\"wp-block-embed__wrapper\">\n<iframe title=\"Spotify Embed: Land \u00dcber\" style=\"border-radius: 12px\" width=\"100%\" height=\"352\" frameborder=\"0\" allowfullscreen allow=\"autoplay; clipboard-write; encrypted-media; fullscreen; picture-in-picture\" loading=\"lazy\" src=\"https:\/\/open.spotify.com\/embed\/artist\/6yYDStjIyAxDliOiUJFfu1?si=5FW9jH0ARJSC1vnpnYLbKQ&#038;utm_source=oembed\"><\/iframe>\n<\/div><\/figure>\n\n\n\n<p>Unser neues Projekt LIND mit Doc Fritz<\/p>\n\n\n\n<figure class=\"wp-block-embed is-type-video is-provider-youtube wp-block-embed-youtube wp-embed-aspect-16-9 wp-has-aspect-ratio\"><div class=\"wp-block-embed__wrapper\">\n<iframe loading=\"lazy\" title=\"LIND &#039;Der Lindenbaum&#039; live in Altk\u00f6tzschenbroda 2022\" width=\"584\" height=\"329\" src=\"https:\/\/www.youtube.com\/embed\/436JCwEWXaM?feature=oembed\" frameborder=\"0\" allow=\"accelerometer; autoplay; clipboard-write; encrypted-media; gyroscope; picture-in-picture; web-share\" referrerpolicy=\"strict-origin-when-cross-origin\" allowfullscreen><\/iframe>\n<\/div><\/figure>\n\n\n\n<figure class=\"wp-block-embed is-type-video is-provider-youtube wp-block-embed-youtube wp-embed-aspect-16-9 wp-has-aspect-ratio\"><div class=\"wp-block-embed__wrapper\">\n<iframe loading=\"lazy\" title=\"LIND &#039;De Leit&#039; live in Altk\u00f6tzschenbroda 2022\" width=\"584\" height=\"329\" src=\"https:\/\/www.youtube.com\/embed\/tdRYWm_bs-A?feature=oembed\" frameborder=\"0\" allow=\"accelerometer; autoplay; clipboard-write; encrypted-media; gyroscope; picture-in-picture; web-share\" referrerpolicy=\"strict-origin-when-cross-origin\" allowfullscreen><\/iframe>\n<\/div><\/figure>\n\n\n\n<p>Ein Livestream aus Hoyerswerda!<\/p>\n\n\n\n<figure class=\"wp-block-embed is-type-video is-provider-youtube wp-block-embed-youtube wp-embed-aspect-16-9 wp-has-aspect-ratio\"><div class=\"wp-block-embed__wrapper\">\n<iframe loading=\"lazy\" title=\"Kufa-\u00dcberbr\u00fcckungshilfe Nr.2: Konzert mit Land \u00dcber\" width=\"584\" height=\"329\" src=\"https:\/\/www.youtube.com\/embed\/KdLctUdFkXQ?start=2171&#038;feature=oembed\" frameborder=\"0\" allow=\"accelerometer; autoplay; clipboard-write; encrypted-media; gyroscope; picture-in-picture; web-share\" referrerpolicy=\"strict-origin-when-cross-origin\" allowfullscreen><\/iframe>\n<\/div><\/figure>\n\n\n<h1><strong>Land \u00dcber &amp; Katharina Johansson LIVE 2018<\/strong><\/h1>\n<p>&#8230;in Moritzburg:<\/p>\n<p><iframe loading=\"lazy\" title=\"Land \u00dcber &amp; Katharina Johansson LIVE 2018 Jag ser dig\" width=\"584\" height=\"329\" src=\"https:\/\/www.youtube.com\/embed\/KBCAbfKpR8w?feature=oembed\" frameborder=\"0\" allow=\"accelerometer; autoplay; clipboard-write; encrypted-media; gyroscope; picture-in-picture; web-share\" referrerpolicy=\"strict-origin-when-cross-origin\" allowfullscreen><\/iframe><\/p>\n<h1><strong>Land \u00dcber &amp; Katharina Johansson LIVE 2017<\/strong><\/h1>\n<p>&#8230;in Hannover:<\/p>\n<p><iframe loading=\"lazy\" title=\"LAND \u00dcBER &amp; KATHARINA JOHANSSON Sacrifice LIVE 2017\" width=\"584\" height=\"329\" src=\"https:\/\/www.youtube.com\/embed\/Ll4ikTXUjdw?feature=oembed\" frameborder=\"0\" allow=\"accelerometer; autoplay; clipboard-write; encrypted-media; gyroscope; picture-in-picture; web-share\" referrerpolicy=\"strict-origin-when-cross-origin\" allowfullscreen><\/iframe><\/p>\n<p>&#8230;in Dresden:<\/p>\n<p><iframe loading=\"lazy\" title=\"LAND \u00dcBER &amp; KATHARINA JOHANSSON Petit Fleur LIVE 2017\" width=\"584\" height=\"329\" src=\"https:\/\/www.youtube.com\/embed\/L5l6tcADRFA?feature=oembed\" frameborder=\"0\" allow=\"accelerometer; autoplay; clipboard-write; encrypted-media; gyroscope; picture-in-picture; web-share\" referrerpolicy=\"strict-origin-when-cross-origin\" allowfullscreen><\/iframe><\/p>\n<p>&#8230;in Leverkusen:<\/p>\n<p><iframe loading=\"lazy\" title=\"Land \u00dcber &amp; Katharina Johansson LIVE 2017\" width=\"584\" height=\"329\" src=\"https:\/\/www.youtube.com\/embed\/d3oFr3WOT1I?feature=oembed\" frameborder=\"0\" allow=\"accelerometer; autoplay; clipboard-write; encrypted-media; gyroscope; picture-in-picture; web-share\" referrerpolicy=\"strict-origin-when-cross-origin\" allowfullscreen><\/iframe><\/p>\n<p><strong><img loading=\"lazy\" decoding=\"async\" class=\"alignnone size-medium wp-image-635 aligncenter\" src=\"https:\/\/land-ueber.de\/wp-content\/uploads\/2018\/02\/Land-\u00dcber-Friends-Cover-300x298.jpg\" alt=\"\" width=\"300\" height=\"298\" srcset=\"https:\/\/land-ueber.de\/wp-content\/uploads\/2018\/02\/Land-\u00dcber-Friends-Cover-300x298.jpg 300w, https:\/\/land-ueber.de\/wp-content\/uploads\/2018\/02\/Land-\u00dcber-Friends-Cover-150x150.jpg 150w, https:\/\/land-ueber.de\/wp-content\/uploads\/2018\/02\/Land-\u00dcber-Friends-Cover-768x763.jpg 768w, https:\/\/land-ueber.de\/wp-content\/uploads\/2018\/02\/Land-\u00dcber-Friends-Cover-1024x1017.jpg 1024w, https:\/\/land-ueber.de\/wp-content\/uploads\/2018\/02\/Land-\u00dcber-Friends-Cover-302x300.jpg 302w, https:\/\/land-ueber.de\/wp-content\/uploads\/2018\/02\/Land-\u00dcber-Friends-Cover.jpg 1046w\" sizes=\"auto, (max-width: 300px) 100vw, 300px\" \/><\/strong><\/p>\n<p>Am 1. Oktober 2016 haben sich Land \u00dcber selbst ein Geschenk zum 10j\u00e4hrigen Jubil\u00e4um gemacht:<\/p>\n<p>Ein Konzert mit 10 Gastmusikern, u.a. Dresdner Musikgr\u00f6\u00dfen wie Micha Winkler, Matthias Macht oder Frieder Schmidt.<\/p>\n<p>Das ausverkaufte Konzert in der St. Pauli-Ruine im Hechtviertel in Dresden ist nun auf eine CD gebannt.<\/p>\n<p>Es startet bekannt minimalistisch und endet mit ungeahnter Gr\u00f6\u00dfe!<\/p>\n<p>Die Lieder aus 10 Jahren Land \u00dcber, gespielt von Land \u00dcber &amp; Freunden\u2026<\/p>\n<p>Ein Videoeindruck:<\/p>\n<p><iframe loading=\"lazy\" title=\"LAND \u00dcBER Jubil\u00e4umskonzert 2016\" width=\"584\" height=\"329\" src=\"https:\/\/www.youtube.com\/embed\/ch01-TZXClI?feature=oembed\" frameborder=\"0\" allow=\"accelerometer; autoplay; clipboard-write; encrypted-media; gyroscope; picture-in-picture; web-share\" referrerpolicy=\"strict-origin-when-cross-origin\" allowfullscreen><\/iframe><\/p>\n<p><strong>\u00a0<\/strong><\/p>\n<\/p>\n<p style=\"text-align: center;\"><a href=\"http:\/\/landuebermusic.com\/2016\/02\/08\/hello-world\/lue_promo_1\/\" rel=\"attachment wp-att-424\"><img loading=\"lazy\" decoding=\"async\" class=\"aligncenter size-medium wp-image-424\" src=\"https:\/\/land-ueber.de\/wp-content\/uploads\/2016\/02\/lue_promo_1-e1456485330909.jpg?w=300\" alt=\"lue_promo_1\" width=\"300\" height=\"200\" srcset=\"https:\/\/land-ueber.de\/wp-content\/uploads\/2016\/02\/lue_promo_1-e1456485330909.jpg 800w, https:\/\/land-ueber.de\/wp-content\/uploads\/2016\/02\/lue_promo_1-e1456485330909-300x200.jpg 300w, https:\/\/land-ueber.de\/wp-content\/uploads\/2016\/02\/lue_promo_1-e1456485330909-768x512.jpg 768w\" sizes=\"auto, (max-width: 300px) 100vw, 300px\" \/><\/a>________________________<\/p>\n<p style=\"text-align: center;\">Neues Video online: <a href=\"https:\/\/www.youtube.com\/watch?v=dl70psJX2FQ\" target=\"_blank\" rel=\"noopener\">Gl\u00fcck Bleibt <\/a>live in Pirna.<\/p>\n<p style=\"text-align: center;\">Bei Soundcloud kann man jetzt Land \u00dcber ungek\u00fcrzt anh\u00f6ren:<\/p>\n<p style=\"text-align: center;\"><a href=\"https:\/\/soundcloud.com\/land-ueber\/land-ueber2006das-ganze\" target=\"_blank\" rel=\"noopener\">Das Ganze<\/a><\/p>\n<p style=\"text-align: center;\"><a href=\"https:\/\/soundcloud.com\/land-ueber\/land-ueber2011der-berg\" target=\"_blank\" rel=\"noopener\">Der Berg<\/a><\/p>\n<p style=\"text-align: center;\">Und auf unserem neuen Youtube-Kanal gibts einLive-Video von &#8218;<a href=\"https:\/\/www.youtube.com\/watch?v=hL9zPxTGpw8&amp;feature=youtu.be\" target=\"_blank\" rel=\"noopener\">Der Berg<\/a>&#8218; in der Dreik\u00f6nigskirche Dresden!<\/p>\n<p style=\"text-align: center;\"><a title=\"Land \u00dcber live in der Kirche Hamburg-Curslack\" href=\"http:\/\/www.facebook.com\/photo.php?v=4857342947541&amp;set=o.135810089811620&amp;type=2&amp;theater\" target=\"_blank\" rel=\"noopener\">Video: Land \u00dcber live in der Kirche Hamburg-Curslack<\/a><\/p>\n<p style=\"text-align: center;\"><a href=\"http:\/\/landuebermusic.files.wordpress.com\/2012\/11\/bk1.jpg\"><img loading=\"lazy\" decoding=\"async\" class=\"aligncenter size-full wp-image-95\" title=\"b+k1\" src=\"http:\/\/landuebermusic.files.wordpress.com\/2012\/11\/bk1.jpg\" alt=\"\" width=\"590\" height=\"393\" srcset=\"https:\/\/land-ueber.de\/wp-content\/uploads\/2012\/11\/bk1.jpg 960w, https:\/\/land-ueber.de\/wp-content\/uploads\/2012\/11\/bk1-300x200.jpg 300w, https:\/\/land-ueber.de\/wp-content\/uploads\/2012\/11\/bk1-768x512.jpg 768w\" sizes=\"auto, (max-width: 590px) 100vw, 590px\" \/><\/a><\/p>\n<p style=\"text-align: center;\"><a title=\"Land \u00dcber live im Kulturgew\u00e4chshaus Glauchau ;-)\" href=\"https:\/\/www.youtube.com\/watch?v=f86nxy7WmZs\" target=\"_blank\" rel=\"noopener\">Video: Land \u00dcber live im Kulturgew\u00e4chshaus Glauchau<\/a><\/p>\n<p style=\"text-align: center;\"><a href=\"http:\/\/landuebermusic.files.wordpress.com\/2012\/11\/bk2.jpg\"><img loading=\"lazy\" decoding=\"async\" class=\"aligncenter size-full wp-image-96\" title=\"b+k2\" src=\"http:\/\/landuebermusic.files.wordpress.com\/2012\/11\/bk2.jpg\" alt=\"\" width=\"590\" height=\"393\" srcset=\"https:\/\/land-ueber.de\/wp-content\/uploads\/2012\/11\/bk2.jpg 960w, https:\/\/land-ueber.de\/wp-content\/uploads\/2012\/11\/bk2-300x200.jpg 300w, https:\/\/land-ueber.de\/wp-content\/uploads\/2012\/11\/bk2-768x512.jpg 768w\" sizes=\"auto, (max-width: 590px) 100vw, 590px\" \/><\/a><\/p>","protected":false},"excerpt":{"rendered":"<p>LAND \u00dcBER &#8211; jetzt auch auf Spotify! Unser neues Projekt LIND mit Doc Fritz Ein Livestream aus Hoyerswerda! Land \u00dcber &amp; Katharina Johansson LIVE 2018 &#8230;in Moritzburg: Land \u00dcber &amp; Katharina Johansson LIVE 2017 &#8230;in Hannover: &#8230;in Dresden: &#8230;in Leverkusen: &hellip; <a href=\"https:\/\/land-ueber.de\/?page_id=37\">Weiterlesen <span class=\"meta-nav\">&rarr;<\/span><\/a><\/p>\n","protected":false},"author":1,"featured_media":0,"parent":0,"menu_order":4,"comment_status":"closed","ping_status":"closed","template":"","meta":{"footnotes":""},"class_list":["post-37","page","type-page","status-publish","hentry"],"_links":{"self":[{"href":"https:\/\/land-ueber.de\/index.php?rest_route=\/wp\/v2\/pages\/37","targetHints":{"allow":["GET"]}}],"collection":[{"href":"https:\/\/land-ueber.de\/index.php?rest_route=\/wp\/v2\/pages"}],"about":[{"href":"https:\/\/land-ueber.de\/index.php?rest_route=\/wp\/v2\/types\/page"}],"author":[{"embeddable":true,"href":"https:\/\/land-ueber.de\/index.php?rest_route=\/wp\/v2\/users\/1"}],"replies":[{"embeddable":true,"href":"https:\/\/land-ueber.de\/index.php?rest_route=%2Fwp%2Fv2%2Fcomments&post=37"}],"version-history":[{"count":12,"href":"https:\/\/land-ueber.de\/index.php?rest_route=\/wp\/v2\/pages\/37\/revisions"}],"predecessor-version":[{"id":1004,"href":"https:\/\/land-ueber.de\/index.php?rest_route=\/wp\/v2\/pages\/37\/revisions\/1004"}],"wp:attachment":[{"href":"https:\/\/land-ueber.de\/index.php?rest_route=%2Fwp%2Fv2%2Fmedia&parent=37"}],"curies":[{"name":"wp","href":"https:\/\/api.w.org\/{rel}","templated":true}]}}