{"id":29,"date":"2018-08-19T06:05:30","date_gmt":"2018-08-19T06:05:30","guid":{"rendered":"http:\/\/landuebermusic.wordpress.com\/?page_id=29"},"modified":"2019-08-31T11:58:54","modified_gmt":"2019-08-31T11:58:54","slug":"veranstaltungskalender","status":"publish","type":"page","link":"https:\/\/land-ueber.de\/?page_id=29","title":{"rendered":"Veranstaltungskalender"},"content":{"rendered":"<p><script class=\"ai1ec-widget-placeholder\" data-widget=\"ai1ec_agenda_widget\" data-events_seek_type=\"events\">\n  (function(){var d=document,s=d.createElement('script'),\n  i='ai1ec-script';if(d.getElementById(i))return;s.async=1;\n  s.id=i;s.src='\/\/land-ueber.de\/?ai1ec_js_widget';\n  d.getElementsByTagName('head')[0].appendChild(s);})();\n<\/script><\/p>\n\n\n<p><span style=\"color: #ff6600;\"><strong>23.1.-2.2.2020 Tour mit Katharina Johansson<\/strong><\/span><\/p>\n<p><strong>Vergang<\/strong><strong>ene Veranstaltungen<\/strong><\/p>\n<ul>\n<li>28.09.2018 Warnem\u00fcnde &#8211; Ringelnatz<\/li>\n<li>05.10.2018 Oschatz &#8211; Thomas-M\u00fcntzer-Haus (Whisky-Night)<\/li>\n<li>15.11.2018 Land \u00dcber &amp; Katharina Johansson Tour @ Leipzig &#8211; Fidelius-Werkstattkonzert<\/li>\n<li>16.11.2018 Land \u00dcber &amp; Katharina Johansson Tour @ Freital &#8211; Einnehmerhaus<\/li>\n<li>17.11.2018 Land \u00dcber &amp; Katharina Johansson Tour @ Br\u00f6ckel &#8211; 3 Eichen<\/li>\n<li>18.11.2018 Land \u00dcber &amp; Katharina Johansson Tour @ Burscheid &#8211; privat<\/li>\n<li>19.11.2018 Land \u00dcber &amp; Katharina Johansson Tour @ Hannover &#8211; privat<\/li>\n<li>20.11.2018 Land \u00dcber &amp; Katharina Johansson Tour @ Wiedensahl &#8211; Kirche<\/li>\n<li>21.11.2018 Land \u00dcber &amp; Katharina Johansson Tour @ Werther &#8211; Walbaumhaus<\/li>\n<li>22.11.2018 Land \u00dcber &amp; Katharina Johansson Tour @ Rostock &#8211; Peter-Weiss-Haus<\/li>\n<li>23.11.2018 Land \u00dcber &amp; Katharina Johansson Tour @ Berga &#8211; Kulturhof Zickra<\/li>\n<li>24.11.2018 Land \u00dcber &amp; Katharina Johansson Tour @ Radebeul &#8211; Lutherkirche<\/li>\n<li>25.11.2018 Land \u00dcber &amp; Katharina Johansson Tour @ Moritzburg &#8211; K\u00e4the-Kollwitz-Haus<\/li>\n<\/ul>\n<ul>\n<li>01.07.2018 Kleinwelka &#8211; Kultursommer (14 Uhr)<\/li>\n<li>24.06.2018 Dresden-Loschwitz &#8211; K\u00fcnstlerhaus Atelier Wolff\/Reichstein (18 Uhr)<\/li>\n<li>24.06.2018 Dresden-Pillnitz &#8211; Elbhangfest (15 Uhr)<\/li>\n<li>25.05.2018 Eicklingen &#8211; Amtshof<\/li>\n<li>21.01.2018 Monheim &#8211; Spielmann (Whisky-Night) 16 Uhr<\/li>\n<li>20.01.2018 Leverkusen &#8211; Notenschl\u00fcssel (Whisky-Night)<\/li>\n<li>19.01.2018 Werther &#8211; Walbaumhaus (Whisky-Night)<\/li>\n<li>18.01.2018 Leverkusen &#8211; Notenschl\u00fcssel (Whisky-Night)<\/li>\n<li>12.01.2018 Dresden &#8211; Club Passage (Whisky-Night)<\/li>\n<li>09.01.2018 Radebeul &#8211; Die Schmiede (Whisky-Night)<\/li>\n<\/ul>\n<ul>\n<li>20.12.2017 Radebeul &#8211; Die Schmiede (Whisky-Night)<\/li>\n<li>19.12.2017 Radebeul &#8211; Die Schmiede (Whisky-Night)<\/li>\n<li>10.11.2017 Bad Saulgau &#8211; Pipersheim (Whisky-Night)<\/li>\n<li>08.11.2017 Naumburg &#8211; Black House (Whisky-Night)<\/li>\n<li>17.09.2017 Dresden &#8211; Dreik\u00f6nigskirche (feat. Katharina Johansson)<\/li>\n<li>16.09.2017 Weimar (feat. Katharina Johansson)<\/li>\n<li>15.09.2017 Wachendorf (bei Bremen) &#8211; Rosarium (feat. Katharina Johansson)<\/li>\n<li>14.09.2017 Hannover &#8211; Kanapee (feat. Katharina Johansson)<\/li>\n<li>13.09.2017 Br\u00f6ckel (bei Celle) &#8211; Antikhof Drei Eichen (feat. Katharina Johansson)<\/li>\n<li>12.09.2017 Wiedensahl &#8211; Nikolaikirche (feat. Katharina Johansson)<\/li>\n<li>11.09.2017 Werther &#8211; Walbaumhaus (feat. Katharina Johansson)<\/li>\n<li>10.09.2017 Leverkusen &#8211; Junges Theater Leverkusen (feat Katharina Johansson)<\/li>\n<li>09.09.2017 Altenberg &#8211; Geisslerhaus (feat. Katharina Johansson)<\/li>\n<li>25.06.2017 Dresden &#8211; Elbhangfest<\/li>\n<li>24.06.2017 Wienhausen &#8211; Bootshaus Oppershausen<\/li>\n<li>27.05.2017 Dessau &#8211; Kirchentag<\/li>\n<li>26.05.2017 Jena &#8211; Kirchentag<\/li>\n<li>25.05.2017 Weimar &#8211; Kirchentag<\/li>\n<li>12.05.2017 Radebeul &#8211; Weingut\u00a0 Steinbach<\/li>\n<li>10.05.2017 Bad Schandau &#8211; Vollmondkonzert in der Therme<\/li>\n<li>27.04.2017 K\u00f6ln &#8211; Whisky-Night<\/li>\n<li>28.04.2017 Recklinghausen &#8211; Whisky-Night ABGESAGT<\/li>\n<li>29.04.2017 Monheim &#8211; Traditonsgastst\u00e4tte Spielmann Whisky-Night<\/li>\n<li>04.02.2017 Radebeul &#8211; Lutherkirche Benefiz Konzert<\/li>\n<\/ul>\n<ul>\n<li>01.10.2016 Dresden &#8211; St.Pauli-Ruine 10 Jahre Land \u00dcber<\/li>\n<li>29.09.2016 Wustrow &#8211; Fischlandhaus (Katharina Johansson und Land \u00dcber)<\/li>\n<li>25.09.2016 B\u00fcckeburg &#8211; Schlo\u00df Baum (Katharina Johansson und Land \u00dcber)<\/li>\n<li>25.05.-29.05.2016 Leipzig &#8211; Katholikentag<\/li>\n<li>17.04.2016 CH-Bad Ragaz &#8211; Schlo\u00df Wartenstein Whisky-Night (18 Uhr)<\/li>\n<li>16.04.2016 St.Ingbert &#8211; Millenium Whisky-Night (17 Uhr)<\/li>\n<li>20.03.2016 N\u00fcrtingen &#8211; Kirche Festveranstaltung zum H\u00f6lderlin-Geburtstag (17 Uhr)<\/li>\n<li>14.02.2016 Warnem\u00fcnde &#8211; Ringelnatz<\/li>\n<li>13.02.2016 Warnem\u00fcnde &#8211; Ringelnatz Whisky-Night<\/li>\n<li>12.02.2016 Oschatz &#8211; Thomas-M\u00fcntzer-Haus Whisky-Night<\/li>\n<\/ul>","protected":false},"excerpt":{"rendered":"<p>23.1.-2.2.2020 Tour mit Katharina Johansson Vergangene Veranstaltungen 28.09.2018 Warnem\u00fcnde &#8211; Ringelnatz 05.10.2018 Oschatz &#8211; Thomas-M\u00fcntzer-Haus (Whisky-Night) 15.11.2018 Land \u00dcber &amp; Katharina Johansson Tour @ Leipzig &#8211; Fidelius-Werkstattkonzert 16.11.2018 Land \u00dcber &amp; Katharina Johansson Tour @ Freital &#8211; Einnehmerhaus 17.11.2018 Land &hellip; <a href=\"https:\/\/land-ueber.de\/?page_id=29\">Weiterlesen <span class=\"meta-nav\">&rarr;<\/span><\/a><\/p>\n","protected":false},"author":1,"featured_media":0,"parent":0,"menu_order":9,"comment_status":"closed","ping_status":"closed","template":"","meta":{"footnotes":""},"class_list":["post-29","page","type-page","status-publish","hentry"],"_links":{"self":[{"href":"https:\/\/land-ueber.de\/index.php?rest_route=\/wp\/v2\/pages\/29","targetHints":{"allow":["GET"]}}],"collection":[{"href":"https:\/\/land-ueber.de\/index.php?rest_route=\/wp\/v2\/pages"}],"about":[{"href":"https:\/\/land-ueber.de\/index.php?rest_route=\/wp\/v2\/types\/page"}],"author":[{"embeddable":true,"href":"https:\/\/land-ueber.de\/index.php?rest_route=\/wp\/v2\/users\/1"}],"replies":[{"embeddable":true,"href":"https:\/\/land-ueber.de\/index.php?rest_route=%2Fwp%2Fv2%2Fcomments&post=29"}],"version-history":[{"count":23,"href":"https:\/\/land-ueber.de\/index.php?rest_route=\/wp\/v2\/pages\/29\/revisions"}],"predecessor-version":[{"id":757,"href":"https:\/\/land-ueber.de\/index.php?rest_route=\/wp\/v2\/pages\/29\/revisions\/757"}],"wp:attachment":[{"href":"https:\/\/land-ueber.de\/index.php?rest_route=%2Fwp%2Fv2%2Fmedia&parent=29"}],"curies":[{"name":"wp","href":"https:\/\/api.w.org\/{rel}","templated":true}]}}